{"id":24001,"date":"2023-10-17T11:06:49","date_gmt":"2023-10-17T11:06:49","guid":{"rendered":"https:\/\/bluefinncharters.oud.ps02.webvriend.nl\/about-us\/"},"modified":"2025-05-06T13:05:43","modified_gmt":"2025-05-06T13:05:43","slug":"sobre-nos","status":"publish","type":"page","link":"https:\/\/bluefinncharters.oud.ps02.webvriend.nl\/pt-br\/sobre-nos\/","title":{"rendered":"Sobre n\u00f3s"},"content":{"rendered":"\n<p>Na BlueFinn Charters convidamos voc\u00ea para uma aventura mar\u00edtima como nenhuma outra. Com sede no cora\u00e7\u00e3o de Cora\u00e7\u00e3o, a nossa viagem come\u00e7ou com uma paix\u00e3o profundamente enraizada pelo mar e um compromisso inabal\u00e1vel com a excel\u00eancia, seguran\u00e7a e experi\u00eancias inesquec\u00edveis. Estamos ansiosos para apresent\u00e1-lo ao nosso mundo de experi\u00eancia mar\u00edtima!<\/p>\n","protected":false},"excerpt":{"rendered":"<p>Na BlueFinn Charters convidamos voc\u00ea para uma aventura mar\u00edtima como nenhuma outra. Com sede no cora\u00e7\u00e3o de Cora\u00e7\u00e3o, a nossa viagem come\u00e7ou com uma paix\u00e3o profundamente enraizada pelo mar e um compromisso inabal\u00e1vel com a excel\u00eancia, seguran\u00e7a e experi\u00eancias inesquec\u00edveis. Estamos ansiosos para apresent\u00e1-lo ao nosso mundo de experi\u00eancia mar\u00edtima!<\/p>\n","protected":false},"author":71,"featured_media":23911,"parent":0,"menu_order":0,"comment_status":"closed","ping_status":"closed","template":"","meta":{"footnotes":""},"tags":[],"class_list":["post-24001","page","type-page","status-publish","has-post-thumbnail","hentry"],"meta_box":{"enable_sticky_booknow":"","sticky_booknow_label":"","captains":[{"image":["22191"],"name":"Rodolfo","description":"Ol\u00e1 a todos! Meu nome \u00e9 Rodolfo, mas me chamam de Capit\u00e3o Ru. Trabalho com orgulho na BlueFinn Charters h\u00e1 quase dois anos. Como capit\u00e3o da BlueFinn, transformei minha paix\u00e3o em meu trabalho di\u00e1rio, fazendo todos os dias na \u00e1gua gratificante \u00e9 aventura.\r\n\r\nO que me atraiu na BlueFinn Charters \u00e9 sua reputa\u00e7\u00e3o como uma empresa charter de alto n\u00edvel. \u00c9 um prazer fazer parte de uma equipe que lidera consistentemente o setor. Na BlueFinn Charters n\u00e3o fazemos viagens regulares; criamos viagens inesquec\u00edveis e sinto-me honrado por fazer parte desta experi\u00eancia."},{"image":["22291"],"name":"Alex","description":"Meu nome \u00e9 Alex e venho perseguindo as ondas do mar h\u00e1 13 anos incr\u00edveis. Minha jornada com o BlueFinn come\u00e7ou h\u00e1 pouco mais de 2 anos e tem sido uma montanha-russa de momentos incr\u00edveis desde ent\u00e3o. Comecei como membro da tripula\u00e7\u00e3o e logo... surgiu a oportunidade de participar do treinamento de capit\u00e3o. Avan\u00e7ando at\u00e9 hoje, uso com orgulho o chap\u00e9u de capit\u00e3o!\r\n\r\nQuando n\u00e3o estou jogando futebol, meu lugar preferido \u00e9 o Kailani, onde me especializo em viagens particulares com pequenos grupos. O oceano se tornou minha segunda casa e cada momento que estou na \u00e1gua \u00e9 pura felicidade."},{"image":["22341"],"name":"Juan Sebastian","description":"Ol\u00e1 a todos! Sou Juan Sebastian e minha liga\u00e7\u00e3o com o mar \u00e9 um caso de amor para toda a vida. Conhecer pessoas de todas as esferas da vida e de diversas culturas sempre foi minha paix\u00e3o. Fazer parte da fam\u00edlia BlueFinn foi como a realiza\u00e7\u00e3o de um sonho porque uniu meus dois maiores amores.\r\n\r\nSer capit\u00e3o n\u00e3o \u00e9 apenas um trabalho; \u00e9 uma honra e um privil\u00e9gio. Orientar nossa equipe excecional e trabalhar em conjunto para proporcionar aos nossos clientes as melhores experi\u00eancias poss\u00edveis \u00e9 o que mais prezo em minha fun\u00e7\u00e3o. Tenho orgulho de fazer parte da empresa e ter a oportunidade de compartilhar a beleza do oceano com todos voc\u00eas. Ent\u00e3o venha a bordo e vamos criar mem\u00f3rias que durar\u00e3o a vida toda!"},{"image":["22391"],"name":"Cristian","description":"Ol\u00e1! Meu nome \u00e9 Cristian e quero abra\u00e7ar as aventuras da vida. Tenho 26 anos e adoro a emo\u00e7\u00e3o do desconhecido. Quando n\u00e3o estou na estrada, voc\u00ea pode me encontrar na frente de um PlayStation, lutando contra mundos virtuais ou vou me exercitar.\r\n\r\nPrestabilidade e dedica\u00e7\u00e3o s\u00e3o o que defendo e trago essas qualidades para tudo que fa\u00e7o. \u00c9 por isso que adoro meu trabalho. Mas o que realmente faz meu cora\u00e7\u00e3o bater mais r\u00e1pido \u00e9 fazer parte da fam\u00edlia BlueFinn Charters. \u00c9 mais do que apenas um trabalho; \u00e9 uma paix\u00e3o. A BlueFinn \u00e9 conhecida pela sua organiza\u00e7\u00e3o, estrutura e atendimento de primeira linha. Quando se trata de oferecer o melhor, somos incompar\u00e1veis!"},{"image":["22441"],"name":"A\u00efsha","description":"Bondia, meu nome \u00e9 A\u00efsha, nascida e criada aqui em Cora\u00e7\u00e3o. Aos 22 anos, iniciei uma jornada \u00fanica como a primeira mulher capit\u00e3 do BlueFinn e n\u00e3o poderia estar mais animada!\r\n\r\nO esporte \u00e9 minha outra paix\u00e3o e muitas vezes voc\u00ea pode me encontrar no campo de futebol do CVV Inter-Willemstad, um clube de futebol semiprofissional aqui em Cora\u00e7\u00e3o. Mas meu amor pela \u00e1gua \u00e9 igualmente profundo. Sou um entusiasta de jet ski e \u00e9 assim que gosto de passar meu tempo livre correndo nas ondas. Tamb\u00e9m dou aulas de vela para pessoas que desejam obter sua licen\u00e7a de navega\u00e7\u00e3o. Partilhar o meu conhecimento do mar \u00e9 uma experi\u00eancia gratificante."},{"image":["22491"],"name":"Marijn","description":"Ol\u00e1, sou Marijn, capit\u00e3o da BlueFinn Charters. Cresci nas \u00e1guas de Cura\u00e7ao e arredores e navego desde os tr\u00eas anos de idade. Passei oito anos no exterior, principalmente na Holanda, com cerca de um ano dedicado a viagens.Durante esse tempo, explorei v\u00e1rios destinos, incluindo \u00c1sia, Am\u00e9rica Central e Am\u00e9rica do Sul, muitas vezes acompanhado pela minha prancha de surf.\r\n\r\nAo longo da minha jornada de navega\u00e7\u00e3o, tive o privil\u00e9gio de participar de quase todas as principais regatas da regi\u00e3o do Caribe, como as de St. Maarten, Bonaire e Aruba. Na verdade, em St. Maarten, em 2013, conquistei o primeiro lugar na minha classe enquanto corria em um veleiro J35."},{"image":["22541"],"name":"Nicolev","description":"Sauda\u00e7\u00f5es, meu nome \u00e9 Nicolev e fa\u00e7o parte do BlueFinn Charters desde julho de 2023. Comecei minha carreira aqui como marinheiro, com a ambi\u00e7\u00e3o de me tornar capit\u00e3o. Conseguir meus pap\u00e9is de capit\u00e3o no ano passado foi um sonho que se tornou realidade, porque sempre quis dirigir um barco.\r\n\r\nMinha carreira mar\u00edtima abrange um total de 12 anos, com cargos anteriores na Cora\u00e7\u00e3o Industrial Diving como operador e mergulhador. Desde crian\u00e7a tenho um profundo fasc\u00ednio pelo mar. Tenho boas lembran\u00e7as dos domingos que passei com meus irm\u00e3os enquanto ia de barco para Fuik.\r\n\r\nO que realmente se destaca no BlueFinn \u00e9 o forte v\u00ednculo dentro da tripula\u00e7\u00e3o. Trabalhar com turistas todos os dias dificilmente parece um trabalho; trata-se mais de compartilhar \u00f3timas experi\u00eancias."},{"image":["22621"],"name":"Jorge","description":"Ol\u00e1! Meu nome \u00e9 Jorge, mas meus colegas me chamam de 'Sr. Gravidade.' Quer saber por qu\u00ea? Bem, voc\u00ea ter\u00e1 que embarcar para descobrir o porqu\u00ea! \u00c9 algo que \u00e9 melhor compartilhado pessoalmente e com muitas risadas!\r\n\r\nVivo para os momentos em que posso transformar o seu dia em algo extraordin\u00e1rio. Na BlueFinn, nosso objetivo \u00e9 criar experi\u00eancias que tragam alegria, risos e mem\u00f3rias inesquec\u00edveis. Cantar, dan\u00e7ar e se divertir s\u00e3o meu forte, e meu objetivo \u00e9 colocar um sorriso em todos os rostos que embarcam. Al\u00e9m do BlueFinn, sou um pescador dedicado nas horas vagas e, como bartender, dominei a arte da mixologia, preparando todos os tipos de coquet\u00e9is para saciar sua sede de aventura.\r\n\r\nMas, por que sou chamado de \"Sr. Gravidade\"? Venha com o catamar\u00e3 BlueFinn e descubra!"}],"sailors":[{"image":["22641"],"name":"Mees","description":"Ol\u00e1! Sou Mees, e minha jornada BlueFinn come\u00e7ou no in\u00edcio de 2023 quando cheguei da Holanda com uma \u00fanica miss\u00e3o em mente: trabalhar em um barco que faz viagens \u00e9picas para Klein Cora\u00e7\u00e3o. E como se as estrelas se alinhassem para mim, consegui comecei a trabalhar na BlueFinn Charters. Ouvi falar dessa empresa e me apaixonei pela atmosfera incr\u00edvel. Quando vi uma vaga de emprego, aproveitei a oportunidade e n\u00e3o olhei para tr\u00e1s desde ent\u00e3o!\r\n\r\nBlueFinn me fascinou desde o primeiro dia e espero fazer parte desta equipe fant\u00e1stica por muito tempo. Quando n\u00e3o estou no barco, mergulho direto na cultura local aprendendo papiamento e pegando ondas com aulas de surf. Quando n\u00e3o estou na \u00e1gua, voc\u00ea me encontrar\u00e1 sobre quatro rodas, andando de skate pela vida toda."},{"image":["22741"],"name":"Justin","description":"Ol\u00e1, sou Justin, tenho 25 anos e fa\u00e7o parte da tripula\u00e7\u00e3o do BlueFinn como velejador desde meados de 2022. Minha forma\u00e7\u00e3o est\u00e1 enraizada no esporte e tenho experi\u00eancia como professor. A raz\u00e3o pela qual trabalho no BlueFinn \u00e9 simples: meu amor pelo mar e pela aventura. H\u00e1 algo verdadeiramente cativante na beleza do oceano e na emo\u00e7\u00e3o de cada viagem. Dentro do grupo sou conhecido como criador de humor e adoro uma boa piada.\r\n\r\nAl\u00e9m do trabalho, minhas paix\u00f5es s\u00e3o mergulhar e jogar futebol. E quando chega a hora de relaxar, muitas vezes voc\u00ea me encontra com alguns colegas, seja indo para a cidade ou aproveitando um domingo relaxante em Fuik."},{"image":["22791"],"name":"Myshandro","description":"Eu sou Myshandro e para mim isso n\u00e3o \u00e9 apenas um trabalho; \u00e9 um modo de vida. Na BlueFinn somos mais do que apenas uma equipe; somos uma fam\u00edlia. Cada dia \u00e9 uma nova oportunidade de aprender, crescer e para aperfei\u00e7oar nossas habilidades. Trago meus melhores talentos e coloco nele toda a energia positiva que posso reunir, porque \u00e9 isso que \u00e9 preciso para manter os bons tempos.\r\n\r\nNossa equipe, bem, somos um bando de pessoas malucas e amantes da divers\u00e3o. Mas quando se trata de seguran\u00e7a ou de ajudar os nossos h\u00f3spedes necessitados, mudamos para o modo 100% profissional. \u00c9 isso que adoro em n\u00f3s. Fazer o dia das pessoas, fazer as pessoas sorrirem me deixa feliz \u2013 \u00e9 o tipo de magia que me traz alegria. Ent\u00e3o se voc\u00ea estiver de mau humor, venha comigo e vamos rir!"},{"image":["22891"],"name":"Diego","description":"Ahoy, pessoal! Meu nome \u00e9 Diego, e minha vida gira em torno do meu amor pelo oceano e tudo o que ele cont\u00e9m. Sou origin\u00e1rio da Alemanha, mas passei mais de 8 anos na \u00e1gua, aperfei\u00e7oando constantemente meu of\u00edcio em alguns lugares como Aruba e Col\u00f4mbia.\r\n\r\nQuando n\u00e3o estou no mar, o que me interessa \u00e9 futebol, ciclismo e viagens familiares \u00e0 praia \u2013 os prazeres simples da vida que me mant\u00eam com os p\u00e9s no ch\u00e3o. Mas a minha verdadeira paix\u00e3o est\u00e1 no meu trabalho, onde tenho o incr\u00edvel privil\u00e9gio de cuidar dos nossos h\u00f3spedes durante os seus passeios de barco. Estou aqui para garantir a seguran\u00e7a deles e garantir que tenham momentos inesquec\u00edveis."},{"image":["22991"],"name":"Mats","description":"Ol\u00e1, sou Mats. Fa\u00e7o parte da tripula\u00e7\u00e3o do BlueFinn como marinheiro desde meados de 2023 e todos os dias sou grato pelo belo ambiente em que trabalho. A vista do vasto mar e da nossa bela ilha \u00e9 simplesmente tirar o f\u00f4lego.\r\n\r\nUm dos aspetos que prezo no meu trabalho \u00e9 a diversidade e a mudan\u00e7a que ele traz. Nenhum dia \u00e9 igual e tenho o prazer de conhecer pessoas novas todos os dias. Al\u00e9m disso, a amizade entre os funcion\u00e1rios cria um ambiente acolhedor e pr\u00f3ximo, que sempre me faz sentir bem-vindo e apreciado. Entrei na BlueFinn por causa do meu profundo amor pelo mar e pelas suas gentes. A ideia de conhecer pessoas de todo o mundo me atraiu muito."},{"image":["23041"],"name":"Maud","description":"Ol\u00e1, sou Maud e desde 2021 fa\u00e7o parte da fam\u00edlia BlueFinn. Trabalho na BlueFinn porque tenho um amor profundo pelo mar e adoro a companhia das pessoas. O que mais gosto no trabalho \u00e9 conversar com turistas e trabalhar com o barco. Todos os dias h\u00e1 algo novo para aprender.\r\n\r\nComo cresci em Cora\u00e7\u00e3o, tenho um v\u00ednculo vital\u00edcio com o mar. Mesmo no meu tempo livre sou atra\u00eddo pelo oceano. Sou um entusiasta de esportes aqu\u00e1ticos e voc\u00ea frequentemente me encontrar\u00e1 na \u00e1gua. Mergulho, pesca, wakeboard, windsurf, fa\u00e7o de tudo!\r\n\r\nPara mim, BlueFinn \u00e9 mais do que apenas um trabalho; \u00e9 uma forma de partilhar com outras pessoas o meu amor pelo mar e criar momentos inesquec\u00edveis para os nossos h\u00f3spedes. Mal posso esperar para ter voc\u00eas a bordo e curtir o mar juntos!"}],"support":[{"image":["23141"],"name":"Gerente de Reservas e Opera\u00e7\u00f5es \u2013 Liwenshela","description":"Ol\u00e1, sou Liwenshela, mas voc\u00ea pode me chamar de Chuku. Fa\u00e7o parte da equipe BlueFinn h\u00e1 um ano e tem sido uma jornada e tanto. Tenho um talento especial para encontrar solu\u00e7\u00f5es e focar em objetivos espec\u00edficos objetivos, o que me mant\u00e9m motivado e motivado em minha fun\u00e7\u00e3o.\r\n\r\nQuando n\u00e3o estou no trabalho, gosto da emo\u00e7\u00e3o de jogar softball. H\u00e1 algo no jogo que me mant\u00e9m alerta e traz a quantidade certa de desafio.\r\n\r\nBlueFinn tem sido um lugar incr\u00edvel para crescer e aprender. A natureza din\u00e2mica do nosso trabalho me mant\u00e9m engajado e animado todos os dias. Estou aqui para garantir que tudo corra bem e que voc\u00ea tenha uma experi\u00eancia fant\u00e1stica conosco."},{"image":["23821"],"name":"Gestor de marketing \u2013 Anouk","description":"Ol\u00e1 a todos! Meu nome \u00e9 Anouk, embora a equipe me chame carinhosamente de 'a garota do marketing'. Fa\u00e7o parte da fam\u00edlia BlueFinn Charters desde o in\u00edcio (2017). Minha fun\u00e7\u00e3o aqui abrange uma ampla gama de responsabilidades, desde auxiliar de tarefas di\u00e1rias de suporte \u00e0 gest\u00e3o, vendas e reservas, mas minha verdadeira paix\u00e3o est\u00e1 no marketing, onde posso contar ao mundo sobre as viagens incr\u00edveis que oferecemos.\r\n\r\n\u00c9 \u00f3timo ver como a empresa cresceu e tomou forma ao longo dos anos. N\u00e3o \u00e9 apenas um local de trabalho; \u00e9 uma fam\u00edlia. Adoro como todos crescemos juntos e gosto muito de trabalhar como uma unidade coesa. O que mais aprecio s\u00e3o as oportunidades de crescimento e desenvolvimento pessoal, a oportunidade de experimentar coisas novas e o apoio cont\u00ednuo da gest\u00e3o."},{"image":["23291"],"name":"Cozinha \u2013 Dayenne","description":"Ol\u00e1, sou Dayenne. Desde o final de 2021, tenho orgulho de ser chef do BlueFinn Charters nos \u00faltimos 1,5 anos. O que realmente prezo em trabalhar no BlueFinn Charters \u00e9 a atmosfera calorosa e acolhedora. N\u00e3o \u00e9 apenas um trabalho; \u00e9 um lugar onde as amizades e o bom ambiente est\u00e3o na ordem do dia. Sou um chef apaixonado, adoro criar refei\u00e7\u00f5es deliciosas que deixem os nossos h\u00f3spedes satisfeitos e felizes. Ent\u00e3o venha a bordo e experimente o buffet BlueFinn. Posso mal posso esperar para compartilhar os sabores do BlueFinn com voc\u00ea!\r\n\r\nNas horas vagas sou um verdadeiro f\u00e3 de s\u00e9ries e filmes - muitas vezes voc\u00ea me encontrar\u00e1 com uma pipoca grande, enquanto assisto aos \u00faltimos programas e filmes no sof\u00e1. Quando estou na cozinha adoro enriquecer a experi\u00eancia culin\u00e1ria com boa m\u00fasica, que acrescenta sabor e ritmo a cada prato."},{"image":["23341"],"name":"Servi\u00e7o t\u00e9cnico \u2013 Shernon","description":"Ol\u00e1! Meu nome \u00e9 Shernon, as pessoas me chamam de 'Famia' e encontrei um verdadeiro sentimento de pertencimento nesta empresa. Sinto-me confort\u00e1vel aqui e o meu dia a dia gira em torno da \u00e1gua \u2013 algo que adoro. Trabalho com barcos h\u00e1 mais de 20 anos, especializando-me em manuten\u00e7\u00e3o e servi\u00e7os t\u00e9cnicos.\r\n\r\nCom vinte anos de experi\u00eancia, tenho orgulho em garantir que nossos barcos estejam nas melhores condi\u00e7\u00f5es e garantam uma experi\u00eancia tranquila e agrad\u00e1vel para nossos h\u00f3spedes. Ent\u00e3o venha a bordo e aproveite o passeio!"},{"image":["23391"],"name":"Recursos Humanos \u2013 Anna","description":"Ol\u00e1! Meu nome \u00e9 Anna e trabalho como Gerente de RH na BlueFinn Charters Cora\u00e7\u00e3o. Fa\u00e7o parte desta grande equipe desde 2022 e posso dizer que \u00e9 uma experi\u00eancia \u00fanica.\r\n\r\nO que torna este trabalho t\u00e3o especial, voc\u00ea pode perguntar? \u00c9 a emo\u00e7\u00e3o do desconhecido. Imagine o seguinte: cada dia parece uma aventura, como se voc\u00ea estivesse navegando em \u00e1guas desconhecidas. Meu papel gira em torno de manter nossa tripula\u00e7\u00e3o feliz, motivada e bem preparada para qualquer aventura mar\u00edtima que surgir em nosso caminho. Voc\u00ea poderia dizer que estou aqui para garantir que nossa equipe no BlueFinn Charters funcione sem problemas."}],"reviews":[]},"_links":{"self":[{"href":"https:\/\/bluefinncharters.oud.ps02.webvriend.nl\/pt-br\/wp-json\/wp\/v2\/pages\/24001","targetHints":{"allow":["GET"]}}],"collection":[{"href":"https:\/\/bluefinncharters.oud.ps02.webvriend.nl\/pt-br\/wp-json\/wp\/v2\/pages"}],"about":[{"href":"https:\/\/bluefinncharters.oud.ps02.webvriend.nl\/pt-br\/wp-json\/wp\/v2\/types\/page"}],"author":[{"embeddable":true,"href":"https:\/\/bluefinncharters.oud.ps02.webvriend.nl\/pt-br\/wp-json\/wp\/v2\/users\/71"}],"replies":[{"embeddable":true,"href":"https:\/\/bluefinncharters.oud.ps02.webvriend.nl\/pt-br\/wp-json\/wp\/v2\/comments?post=24001"}],"version-history":[{"count":3,"href":"https:\/\/bluefinncharters.oud.ps02.webvriend.nl\/pt-br\/wp-json\/wp\/v2\/pages\/24001\/revisions"}],"predecessor-version":[{"id":30074,"href":"https:\/\/bluefinncharters.oud.ps02.webvriend.nl\/pt-br\/wp-json\/wp\/v2\/pages\/24001\/revisions\/30074"}],"wp:featuredmedia":[{"embeddable":true,"href":"https:\/\/bluefinncharters.oud.ps02.webvriend.nl\/pt-br\/wp-json\/wp\/v2\/media\/23911"}],"wp:attachment":[{"href":"https:\/\/bluefinncharters.oud.ps02.webvriend.nl\/pt-br\/wp-json\/wp\/v2\/media?parent=24001"}],"wp:term":[{"taxonomy":"post_tag","embeddable":true,"href":"https:\/\/bluefinncharters.oud.ps02.webvriend.nl\/pt-br\/wp-json\/wp\/v2\/tags?post=24001"}],"curies":[{"name":"wp","href":"https:\/\/api.w.org\/{rel}","templated":true}]}}