{"id":24031,"date":"2023-10-17T11:06:49","date_gmt":"2023-10-17T11:06:49","guid":{"rendered":"https:\/\/bluefinncharters.oud.ps02.webvriend.nl\/about-us\/"},"modified":"2025-05-06T13:06:10","modified_gmt":"2025-05-06T13:06:10","slug":"acerca-de-nosotros","status":"publish","type":"page","link":"https:\/\/bluefinncharters.oud.ps02.webvriend.nl\/es\/acerca-de-nosotros\/","title":{"rendered":"Acerca de nosotros"},"content":{"rendered":"\n<p>En BlueFinn Charters te invitamos a una aventura mar\u00edtima como ninguna otra. Con sede en el coraz\u00f3n de Curazao, nuestro viaje comenz\u00f3 con una pasi\u00f3n profundamente arraigada por el mar y un compromiso inquebrantable con la excelencia, la seguridad y las experiencias inolvidables. \u00a1Esperamos presentarle nuestro mundo de experiencia mar\u00edtima!<\/p>\n","protected":false},"excerpt":{"rendered":"<p>En BlueFinn Charters te invitamos a una aventura mar\u00edtima como ninguna otra. Con sede en el coraz\u00f3n de Curazao, nuestro viaje comenz\u00f3 con una pasi\u00f3n profundamente arraigada por el mar y un compromiso inquebrantable con la excelencia, la seguridad y las experiencias inolvidables. \u00a1Esperamos presentarle nuestro mundo de experiencia mar\u00edtima!<\/p>\n","protected":false},"author":71,"featured_media":23921,"parent":0,"menu_order":0,"comment_status":"closed","ping_status":"closed","template":"","meta":{"footnotes":""},"tags":[],"class_list":["post-24031","page","type-page","status-publish","has-post-thumbnail","hentry"],"meta_box":{"enable_sticky_booknow":"","sticky_booknow_label":"","captains":[{"image":["22191"],"name":"Rodolfo","description":"\u00a1Hola a todos! Mi nombre es Rodolfo, pero me llaman Capit\u00e1n Ru. He estado trabajando con orgullo en BlueFinn Charters durante casi dos a\u00f1os. Como capit\u00e1n de BlueFinn, he convertido mi pasi\u00f3n en mi trabajo diario, haciendo que cada d\u00eda en el agua una satisfacci\u00f3n es la aventura.\r\n\r\nLo que me atrajo de BlueFinn Charters es su reputaci\u00f3n como empresa de alquiler de primer nivel. Es un placer ser parte de un equipo que lidera consistentemente la industria. En BlueFinn Charters no realizamos viajes regulares; Creamos viajes inolvidables y es un honor para m\u00ed ser parte de esta experiencia"},{"image":["22291"],"name":"Alex","description":"Soy Alex y he estado persiguiendo las olas del oc\u00e9ano durante 13 a\u00f1os incre\u00edbles. Mi viaje con BlueFinn comenz\u00f3 hace poco m\u00e1s de 2 a\u00f1os y desde entonces ha sido una monta\u00f1a rusa de momentos incre\u00edbles. Comenc\u00e9 como miembro de la tripulaci\u00f3n. y pronto... se me present\u00f3 la oportunidad de participar en el entrenamiento de capit\u00e1n. Un avance r\u00e1pido hasta el d\u00eda de hoy, \u00a1llevo con orgullo el sombrero de capit\u00e1n!\r\n\r\nCuando no juego al f\u00fatbol, \u200b\u200bmi lugar favorito es el Kailani, donde me especializo en viajes privados con grupos peque\u00f1os. El oc\u00e9ano se ha convertido en mi segundo hogar y cada momento que estoy en el agua es pura felicidad."},{"image":["22341"],"name":"Juan Sebastian","description":"Hola a todos! Soy Juan Sebasti\u00e1n y mi conexi\u00f3n con el mar es un amor para toda la vida. Conocer personas de todos los \u00e1mbitos de la vida y de diversas culturas siempre ha sido mi pasi\u00f3n. Ser parte de la familia BlueFinn fue como un sue\u00f1o hecho realidad porque uni\u00f3 a mis dos grandes amores.\r\n\r\nSer capit\u00e1n no es s\u00f3lo un trabajo; es un honor y un privilegio. Guiar a nuestro equipo excepcional y trabajar juntos para brindarles a nuestros clientes las mejores experiencias posibles es lo que m\u00e1s aprecio de mi funci\u00f3n. Estoy orgulloso de ser parte de la empresa y tener la oportunidad de compartir la belleza del oc\u00e9ano con todos ustedes. \u00a1As\u00ed que \u00fanete a bordo y creemos recuerdos que durar\u00e1n toda la vida!"},{"image":["22391"],"name":"Cristian","description":"\u00a1Hola! Soy Cristian y quiero abrazar las aventuras de la vida. Tengo 26 a\u00f1os y me encanta la emoci\u00f3n de lo desconocido. Cuando no estoy de viaje, puedes encontrarme frente a una PlayStation. Luchando contra mundos virtuales o har\u00e9 ejercicio.\r\n\r\nLo que defiendo es la amabilidad y la dedicaci\u00f3n y aporto estas cualidades a todo lo que hago. Por eso amo mi trabajo. Pero lo que realmente hace que mi coraz\u00f3n lata m\u00e1s r\u00e1pido es ser parte de la familia BlueFinn Charters. Es m\u00e1s que s\u00f3lo un trabajo; es una pasi\u00f3n. BlueFinn es conocida por su organizaci\u00f3n, estructura y excelente servicio. Cuando se trata de ofrecer lo mejor, \u00a1somos insuperables!"},{"image":["22441"],"name":"A\u00efsha","description":"Bondia, soy A\u00efsha, nac\u00ed y crec\u00ed aqu\u00ed en Curazao. A la edad de 22 a\u00f1os, comenc\u00e9 un viaje \u00fanico como la primera capitana de BlueFinn, \u00a1y no podr\u00eda estar m\u00e1s emocionada!\r\n\r\nLos deportes son mi otra pasi\u00f3n y a menudo me puedes encontrar en el campo de f\u00fatbol del CVV Inter Willemstad, un club de f\u00fatbol semiprofesional aqu\u00ed en Curazao. Pero mi amor por el agua es igual de profundo. Soy un entusiasta de las motos de agua y as\u00ed me gusta pasar mi tiempo libre corriendo sobre las olas. Tambi\u00e9n doy clases de vela a personas que quieran sacarse la licencia de navegaci\u00f3n. Compartir mis conocimientos sobre el mar es una experiencia gratificante.\r\n\r\nEntonces, ya sea en el campo, en las olas o impartiendo conocimientos sobre navegaci\u00f3n, mi objetivo es abrazar las aventuras de la vida aqu\u00ed en Curazao. \u00a1Ven conmigo!"},{"image":["22491"],"name":"Marijn","description":"Hola, soy Marijn, capit\u00e1n de BlueFinn Charters. Crec\u00ed en las aguas de Curazao y sus alrededores, y navego desde que ten\u00eda tres a\u00f1os. He pasado ocho a\u00f1os en el extranjero, principalmente en los Pa\u00edses Bajos. con aproximadamente un a\u00f1o dedicado a viajar, durante ese tiempo explor\u00e9 varios destinos, incluyendo Asia, Centro y Sudam\u00e9rica, muchas veces acompa\u00f1ado de mi tabla de surf.\r\n\r\nA lo largo de mi viaje a vela, he tenido el privilegio de participar en casi todas las regatas m\u00e1s importantes de la regi\u00f3n del Caribe, como las de St. Maarten, Bonaire y Aruba. De hecho, en St. Maarten en 2013, consegu\u00ed el primer puesto de mi clase mientras navegaba en un velero J35."},{"image":["22541"],"name":"Nicolev","description":"Saludos, soy Nicolev y formo parte de BlueFinn Charters desde julio de 2023. Comenc\u00e9 mi viaje aqu\u00ed como marinero, con aspiraciones de convertirme en capit\u00e1n. Obtener mi licencia de capit\u00e1n el a\u00f1o pasado fue un sue\u00f1o hecho realidad. como siempre he deseado gobernar un barco.\r\n\r\nMi carrera mar\u00edtima abarca un total de 12 a\u00f1os, con roles anteriores en Curazao Industrial Diving como maquinista y buzo. Desde mi infancia he sentido una profunda fascinaci\u00f3n por el mar. Tengo buenos recuerdos de pasar los domingos con mis hermanos, dirigi\u00e9ndome a Fuik en barco.\r\n\r\nLo que realmente destaca en BlueFinn es el fuerte v\u00ednculo dentro del equipo. Trabajar con turistas a diario apenas parece trabajo; es m\u00e1s como compartir experiencias memorables."},{"image":["22631"],"name":"Jorge","description":"\u00a1Hola! Soy Jorge, pero mis compa\u00f1eros me llaman 'Mr. Gravedad.' \u00bfPregunt\u00e1ndome por qu\u00e9? Bueno, \u00a1tendr\u00e1s que subirte a bordo para descubrir por qu\u00e9! \u00a1Es algo que es mejor compartir en persona y con una carcajada!\r\n\r\nVivo para los momentos en los que puedo convertir tu d\u00eda en algo extraordinario. En BlueFinn, nuestro objetivo es crear experiencias que traigan alegr\u00eda, risas y recuerdos inolvidables. Cantar, bailar y entretenerme son mi fuerte y mi objetivo es poner una sonrisa en cada rostro que sube a bordo. M\u00e1s all\u00e1 de BlueFinn, soy un pescador apasionado en mi tiempo libre y, como barman, domino el arte de la cocteler\u00eda, preparando todo tipo de c\u00f3cteles para saciar tu sed de aventuras.\r\n\r\nEntonces, \u00bfpor qu\u00e9 me llaman 'Sr. Gravedad'? Bueno, \u00a1\u00fanete a m\u00ed en Catamar\u00e1n BlueFinn!"}],"sailors":[{"image":["22641"],"name":"Mees","description":"\u00a1Hola! Soy Mees y mi viaje con BlueFinn comenz\u00f3 a principios de 2023 cuando llegu\u00e9 de los Pa\u00edses Bajos con una \u00fanica misi\u00f3n en mente: trabajar en un barco que realiza viajes \u00e9picos a Klein Curazao. Y como si las estrellas se alinearan para m\u00ed. Pude empezar a trabajar en BlueFinn Charters. Hab\u00eda o\u00eddo hablar de esta empresa y me enamor\u00e9 del incre\u00edble ambiente. Cuando vi una oferta de trabajo, aprovech\u00e9 la oportunidad y \u00a1no he vuelto a mirar atr\u00e1s desde entonces!\r\n\r\nBlueFinn me ha fascinado desde el primer d\u00eda y espero formar parte de este fant\u00e1stico equipo durante mucho tiempo. Cuando no estoy en el barco, me sumerjo directamente en la cultura local aprendiendo papiamento y capturando algunas olas con lecciones de surf. Cuando no estoy en el agua, me encontrar\u00e1s sobre cuatro ruedas, andando en patineta por la vida"},{"image":["22741"],"name":"Justin","description":"Hola, soy Justin, tengo 25 a\u00f1os y formo parte de la tripulaci\u00f3n de BlueFinn como regatista desde mediados de 2022. Mi formaci\u00f3n est\u00e1 arraigada en el deporte y tengo experiencia como profesor. La raz\u00f3n por la que trabajo en BlueFinn es simple: mi amor por el mar y la aventura. Hay algo realmente cautivador en la belleza del oc\u00e9ano y la emoci\u00f3n de cada viaje. Dentro del grupo soy conocido como un creador de humor y me encanta una buena broma.\r\n\r\nAdem\u00e1s de mi trabajo, mis pasiones son bucear y jugar al f\u00fatbol. Y cuando llega el momento de relajarse, a menudo me encontrar\u00e1s con algunos colegas, ya sea de camino a la ciudad o disfrutando de un relajante domingo en Fuik."},{"image":["22791"],"name":"Myshandro","description":"Soy Myshandro, y para m\u00ed esto no es s\u00f3lo un trabajo; es una forma de vida. En BlueFinn somos m\u00e1s que un simple equipo; somos una familia. Cada d\u00eda es una nueva oportunidad para aprender, crecer y para perfeccionar nuestras habilidades. Traigo mi mejor talento y pongo toda la energ\u00eda positiva que puedo reunir en \u00e9l porque eso es lo que se necesita para que los buenos tiempos contin\u00faen.\r\n\r\nNuestro equipo, bueno, somos un grupo de gente loca y amante de la diversi\u00f3n. Pero cuando se trata de seguridad o de ayudar a nuestros hu\u00e9spedes que lo necesitan, cambiamos al modo 100% profesional. Eso es lo que me encanta de nosotros. Alegrarle el d\u00eda a la gente, hacer sonre\u00edr a la gente me hace feliz; es el tipo de magia que me trae alegr\u00eda. As\u00ed que, si est\u00e1s de mal humor, \u00a1s\u00fabete conmigo y nos reiremos!"},{"image":["22891"],"name":"Diego","description":"\u00a1Ahoy a todos! Soy Diego, y mi vida gira en torno a mi amor por el oc\u00e9ano y todo lo que contiene. Originario de Alemania, he pasado m\u00e1s de 8 a\u00f1os en el agua, perfeccionando continuamente mi oficio en lugares como Aruba. y Colombia.\r\n\r\nCuando no estoy en el mar, me dedico al f\u00fatbol, \u200b\u200bel ciclismo y las salidas familiares a la playa: los placeres sencillos de la vida que me mantienen con los pies en la tierra. Pero mi verdadera pasi\u00f3n radica en mi trabajo, donde tengo el incre\u00edble privilegio de cuidar de nuestros hu\u00e9spedes durante sus viajes en barco. Estoy aqu\u00ed para garantizar su seguridad y asegurarme de que pasen un momento inolvidable."},{"image":["22991"],"name":"Mats","description":"Hola, soy Mats. Formo parte de la tripulaci\u00f3n de BlueFinn como marinero desde mediados de 2023 y cada d\u00eda agradezco el hermoso entorno en el que trabajo. La vista del vasto mar y de nuestra hermosa isla es simplemente asombroso.\r\n\r\nUno de los aspectos que valoro de mi trabajo es la diversidad y el cambio que aporta. Ning\u00fan d\u00eda es igual y tengo el placer de conocer gente nueva cada d\u00eda. Adem\u00e1s, la amistad entre la personal crea una atm\u00f3sfera c\u00e1lida y cercana, que siempre me hace sentir bienvenido y apreciado. Me un\u00ed a BlueFinn por mi profundo amor por el mar y su gente. Me atra\u00eda mucho la idea de conocer gente de todo el mundo."},{"image":["23041"],"name":"Maud","description":"Hola, soy Maud, y desde 2021 formo parte de la familia BlueFinn. Trabajo en BlueFinn porque tengo un profundo amor por el mar y amo la compa\u00f1\u00eda de las personas. Lo que m\u00e1s me gusta del trabajo es hablar con los turistas. y trabajar con el barco, cada d\u00eda hay algo nuevo que aprender.\r\n\r\nComo crec\u00ed en Curazao, tengo un v\u00ednculo de por vida con el mar. Incluso en mi tiempo libre me atrae el oc\u00e9ano. Soy un entusiasta de los deportes acu\u00e1ticos y a menudo me encontrar\u00e1s en el agua o dentro de ella. Buceo, pesca, wakeboard, windsurf, \u00a1lo hago todo!\r\n\r\nPara m\u00ed, BlueFinn es m\u00e1s que un simple trabajo; es una forma de compartir mi amor por el mar con los dem\u00e1s y crear momentos inolvidables para nuestros hu\u00e9spedes. \u00a1Estoy deseando tenerte a bordo y disfrutar juntos del mar!"}],"support":[{"image":["23141"],"name":"Reservations & Operations Manager \u2013 Liwenshela","description":"Hola, soy Liwenshela, pero puedes llamarme Chuku. He sido parte del equipo de BlueFinn durante un a\u00f1o y ha sido todo un viaje. Tengo una habilidad especial para encontrar soluciones y fijar mi mirada en objetivos espec\u00edficos. objetivos, lo que me mantiene motivado y motivado en mi funci\u00f3n.\r\n\r\nCuando no estoy en el trabajo, disfruto la emoci\u00f3n de jugar softbol. Hay algo en el juego que me mantiene alerta y ofrece la cantidad justa de desaf\u00edo.\r\n\r\nBlueFinn ha sido un lugar incre\u00edble para crecer y aprender. La naturaleza din\u00e1mica de nuestro trabajo me mantiene comprometido y entusiasmado todos los d\u00edas. "},{"image":["23821"],"name":"Gerente de Mercadeo \u2013 Anouk","description":"\u00a1Hola a todos! Soy Anouk, aunque la tripulaci\u00f3n me llama cari\u00f1osamente 'la chica del marketing'. He sido parte de la familia BlueFinn Charters desde el principio (2017). Mi funci\u00f3n aqu\u00ed cubre una amplia gama de responsabilidades, desde ayudar desde Tareas diarias hasta brindar soporte a la gesti\u00f3n, ventas y reservas, pero mi verdadera pasi\u00f3n radica en el marketing, donde puedo contarle al mundo los incre\u00edbles viajes que ofrecemos.\r\n\r\nEs fant\u00e1stico ver c\u00f3mo la empresa ha crecido y tomado forma a lo largo de los a\u00f1os. No es s\u00f3lo un lugar de trabajo; es una familia. Me encanta c\u00f3mo hemos crecido todos juntos y realmente disfruto trabajar como una unidad cohesiva."},{"image":["23291"],"name":"Cocina \u2013 Dayenne","description":"Hola, soy Dayenne. Desde finales de 2021, he sido orgullosamente chef en BlueFinn Charters durante el \u00faltimo a\u00f1o y medio. Lo que realmente aprecio de trabajar en BlueFinn Charters es el ambiente c\u00e1lido y acogedor. No es solo un trabajo. ; es un lugar donde la amistad y el buen ambiente est\u00e1n a la orden del d\u00eda. Soy un chef apasionado, me encanta crear comidas deliciosas que dejen a nuestros invitados satisfechos y felices. As\u00ed que sube a bordo y prueba el buffet BlueFinn. Puedo \u00a1No esperes m\u00e1s para compartir contigo los sabores de BlueFinn!\r\n\r\nEn mi tiempo libre soy un verdadero aficionado a las series y al cine; a menudo me encontrar\u00e1s con unas palomitas de ma\u00edz grandes, mientras veo las \u00faltimas series y pel\u00edculas en el sof\u00e1."},{"image":["23341"],"name":"Servicio tecnico \u2013 Shernon","description":"\u00a1Bod\u00eda! Mi nombre es Shernon, la gente me llama 'Famia' y he encontrado un verdadero sentido de pertenencia en esta empresa. Me siento c\u00f3modo aqu\u00ed y mi vida diaria gira en torno al agua, algo que me encanta. Llevo m\u00e1s de 20 a\u00f1os trabajando con embarcaciones, especializ\u00e1ndome en mantenimiento y servicios t\u00e9cnicos.\r\n\r\nCon veinte a\u00f1os de experiencia a mis espaldas, me enorgullece garantizar que nuestros barcos est\u00e9n en las mejores condiciones y garanticen una experiencia fluida y agradable para nuestros hu\u00e9spedes. \u00a1Sube a bordo y disfruta del viaje!"},{"image":["23391"],"name":"Recursos humanos \u2013 Anna","description":"\u00a1Hola! Soy Anna y trabajo como gerente de recursos humanos en BlueFinn Charters Curazao. He sido parte de este incre\u00edble equipo desde 2022 y d\u00e9jame decirte que es una experiencia \u00fanica.\r\n\r\nEntonces, \u00bfqu\u00e9 hace que este trabajo se destaque? Es la emoci\u00f3n de lo desconocido. Imag\u00ednese esto: cada d\u00eda se siente como una aventura, muy parecido a navegar hacia aguas desconocidas. Mi funci\u00f3n consiste en mantener a nuestra tripulaci\u00f3n contenta, motivada y bien preparada para cada escapada mar\u00edtima que se nos presente. Se podr\u00eda decir que estoy aqu\u00ed para garantizar el buen funcionamiento de nuestro equipo en BlueFinn Charters."}],"reviews":[]},"_links":{"self":[{"href":"https:\/\/bluefinncharters.oud.ps02.webvriend.nl\/es\/wp-json\/wp\/v2\/pages\/24031","targetHints":{"allow":["GET"]}}],"collection":[{"href":"https:\/\/bluefinncharters.oud.ps02.webvriend.nl\/es\/wp-json\/wp\/v2\/pages"}],"about":[{"href":"https:\/\/bluefinncharters.oud.ps02.webvriend.nl\/es\/wp-json\/wp\/v2\/types\/page"}],"author":[{"embeddable":true,"href":"https:\/\/bluefinncharters.oud.ps02.webvriend.nl\/es\/wp-json\/wp\/v2\/users\/71"}],"replies":[{"embeddable":true,"href":"https:\/\/bluefinncharters.oud.ps02.webvriend.nl\/es\/wp-json\/wp\/v2\/comments?post=24031"}],"version-history":[{"count":3,"href":"https:\/\/bluefinncharters.oud.ps02.webvriend.nl\/es\/wp-json\/wp\/v2\/pages\/24031\/revisions"}],"predecessor-version":[{"id":30075,"href":"https:\/\/bluefinncharters.oud.ps02.webvriend.nl\/es\/wp-json\/wp\/v2\/pages\/24031\/revisions\/30075"}],"wp:featuredmedia":[{"embeddable":true,"href":"https:\/\/bluefinncharters.oud.ps02.webvriend.nl\/es\/wp-json\/wp\/v2\/media\/23921"}],"wp:attachment":[{"href":"https:\/\/bluefinncharters.oud.ps02.webvriend.nl\/es\/wp-json\/wp\/v2\/media?parent=24031"}],"wp:term":[{"taxonomy":"post_tag","embeddable":true,"href":"https:\/\/bluefinncharters.oud.ps02.webvriend.nl\/es\/wp-json\/wp\/v2\/tags?post=24031"}],"curies":[{"name":"wp","href":"https:\/\/api.w.org\/{rel}","templated":true}]}}