{"id":23971,"date":"2023-10-17T11:06:49","date_gmt":"2023-10-17T11:06:49","guid":{"rendered":"https:\/\/bluefinncharters.oud.ps02.webvriend.nl\/over-ons\/"},"modified":"2025-05-06T13:04:57","modified_gmt":"2025-05-06T13:04:57","slug":"ueber-uns","status":"publish","type":"page","link":"https:\/\/bluefinncharters.oud.ps02.webvriend.nl\/de\/ueber-uns\/","title":{"rendered":"\u00dcber uns"},"content":{"rendered":"\n<p>Willkommen bei BlueFinn Charters: Eine Welt voller maritimer Exzellenz<\/p>\n\n\n\n<p>Bei BlueFinn Charters laden wir Sie zu einem unvergleichlichen maritimen Abenteuer ein. Mit Sitz im Herzen von Cura\u00e7ao begann unsere Reise mit einer tief verwurzelten Leidenschaft f\u00fcr das Meer und einem unersch\u00fctterlichen Engagement f\u00fcr Exzellenz, Sicherheit und unvergessliche Erlebnisse. Wir freuen uns darauf, Sie in unsere Welt der maritimen Kompetenz einzuf\u00fchren!<\/p>\n\n\n\n<p>Genie\u00dfen Sie mit uns die Sch\u00f6nheit des Meeres, die W\u00e4rme der Sonne und die Freude am Entdecken.<\/p>\n","protected":false},"excerpt":{"rendered":"<p>Willkommen bei BlueFinn Charters: Eine Welt voller maritimer Exzellenz Bei BlueFinn Charters laden wir Sie zu einem unvergleichlichen maritimen Abenteuer ein. Mit Sitz im Herzen von Cura\u00e7ao begann unsere Reise mit einer tief verwurzelten Leidenschaft f\u00fcr das Meer und einem unersch\u00fctterlichen Engagement f\u00fcr Exzellenz, Sicherheit und unvergessliche Erlebnisse. Wir freuen uns darauf, Sie in unsere [&hellip;]<\/p>\n","protected":false},"author":71,"featured_media":23901,"parent":0,"menu_order":0,"comment_status":"closed","ping_status":"closed","template":"","meta":{"footnotes":""},"tags":[],"class_list":["post-23971","page","type-page","status-publish","has-post-thumbnail","hentry"],"meta_box":{"enable_sticky_booknow":"","sticky_booknow_label":"","captains":[{"image":["22191"],"name":"Rodolfo","description":"Hallo zusammen! Mein Name ist Rodolfo, aber sie nennen mich Captain Ru. Ich arbeite seit fast zwei Jahren stolz bei BlueFinn Charters. Als Kapit\u00e4n f\u00fcr BlueFinn habe ich meine Leidenschaft zu meinem t\u00e4glichen Job gemacht und jeden Tag auf dem Schiff verbracht Wasser ist ein erf\u00fcllendes Abenteuer.\r\n\r\nWas mich zu BlueFinn Charters hingezogen hat, ist ihr Ruf als erstklassiges Charterunternehmen. Es ist eine Freude, Teil eines Teams zu sein, das die Branche stets anf\u00fchrt. Bei BlueFinn Charters machen wir keine regelm\u00e4\u00dfigen Reisen; Wir schaffen unvergessliche Reisen und ich f\u00fchle mich geehrt, Teil dieser Erfahrung zu sein."},{"image":["22291"],"name":"Alex","description":"Ik ben Alex, en ik jaag al 13 geweldige jaren de golven van de oceaan achterna. Mijn reis bij BlueFinn begon iets meer dan 2 jaar geleden, en het is sindsdien een achtbaan van geweldige momenten geweest. Ik begon als bemanningslid en al snel kwam de kans om deel te nemen aan de kapiteinsopleiding op mijn pad. Snel vooruit naar vandaag, draag ik met trots de kapiteinspet!\r\n\r\nAls ik niet aan het voetballen ben, is mijn favoriete plek de Kailani, waar ik gespecialiseerd ben in priv\u00e9trips met kleine groepen. De oceaan is mijn tweede thuis geworden, en elk moment dat ik op het water ben, is puur geluk."},{"image":["22341"],"name":"Juan Sebastian","description":"Hola alles! Ich bin Juan Sebastian und meine Verbindung zum Meer ist eine lebenslange Liebesbeziehung. Menschen aus allen Lebensbereichen und unterschiedlichen Kulturen kennenzulernen war schon immer meine Leidenschaft. Teil der BlueFinn-Familie zu sein war wie ein wahrgewordener Traum, denn es brachte meine beiden gr\u00f6\u00dften Lieben zusammen.\r\n\r\nKapit\u00e4n zu sein ist nicht nur ein Job; Es ist eine Ehre und ein Privileg. Die F\u00fchrung unserer au\u00dfergew\u00f6hnlichen Crew und die Zusammenarbeit, um unseren Kunden die bestm\u00f6glichen Erlebnisse zu bieten, ist das, was ich an meiner Rolle am meisten sch\u00e4tze. Ich bin stolz, Teil des Unternehmens zu sein und die M\u00f6glichkeit zu haben, die Sch\u00f6nheit des Ozeans mit Ihnen allen zu teilen. Kommen Sie also an Bord und lassen Sie uns Erinnerungen schaffen, die ein Leben lang anhalten!"},{"image":["22391"],"name":"Cristian","description":"Hallo! Ich bin Cristian und m\u00f6chte die Abenteuer des Lebens annehmen. Ich bin 26 Jahre alt und liebe die Aufregung des Unbekannten. Wenn ich nicht unterwegs bin, findet man mich vor einer PlayStation, beim K\u00e4mpfen in virtuellen Welten oder beim Sport.\r\n\r\nHilfsbereitschaft und Engagement zeichnen mich aus und diese Eigenschaften bringe ich in alles ein, was ich tue. Deshalb liebe ich meinen Job. Aber was mein Herz wirklich h\u00f6herschlagen l\u00e4sst, ist die Zugeh\u00f6rigkeit zur BlueFinn Charters-Familie. Es ist mehr als nur ein Job; es ist eine Leidenschaft. BlueFinn ist bekannt f\u00fcr seine Organisation, Struktur und seinen Top-Service. Wenn es darum geht, das Beste zu bieten, sind wir un\u00fcbertroffen!"},{"image":["22441"],"name":"A\u00efsha","description":"Bondia, ich bin A\u00efsha, geboren und aufgewachsen hier auf Cura\u00e7ao. Im Alter von 22 Jahren habe ich als erste weibliche Kapit\u00e4nin bei BlueFinn eine einzigartige Reise angetreten und ich k\u00f6nnte nicht aufgeregter sein!\r\n\r\nSport ist meine andere Leidenschaft und man findet mich oft auf dem Fu\u00dfballplatz von CVV Inter-Willemstad, einem semiprofessionellen Fu\u00dfballverein hier auf Cura\u00e7ao. Aber meine Liebe zum Wasser ist genauso tief verwurzelt. Ich bin ein begeisterter Jetski-Fan und verbringe meine Freizeit gerne damit, \u00fcber die Wellen zu rasen. Ich gebe auch Segelunterricht f\u00fcr Leute, die ihren Segelschein machen m\u00f6chten. Mein Wissen \u00fcber das Meer zu teilen ist eine lohnende Erfahrung.\r\n\r\nOb auf dem Feld, auf den Wellen oder beim Vermitteln von Segelkenntnissen, mir geht es darum, die Abenteuer des Lebens hier auf Cura\u00e7ao anzunehmen. Komm mit mir!"},{"image":["22491"],"name":"Marijn","description":"Hallo, ich bin Marijn, Kapit\u00e4n bei BlueFinn Charters. Ich bin in und um die Gew\u00e4sser von Curacao aufgewachsen und segele seit meinem dritten Lebensjahr. Ich habe acht Jahre im Ausland verbracht, haupts\u00e4chlich in den Niederlanden, Etwa ein Jahr lang war ich dem Reisen gewidmet. W\u00e4hrend dieser Zeit erkundete ich verschiedene Reiseziele, darunter Asien, Mittel- und S\u00fcdamerika, oft begleitet von meinem Surfbrett.\r\n\r\nW\u00e4hrend meiner Segelreise hatte ich das Privileg, an fast allen gro\u00dfen Regatten in der Karibik teilzunehmen, beispielsweise in St. Maarten, Bonaire und Aruba. Tats\u00e4chlich habe ich mir 2013 in St. Maarten mit einem J35-Segelboot den ersten Platz in meiner Klasse gesichert.\r\n"},{"image":["22541"],"name":"Nicolev","description":"Gr\u00fc\u00dfe, mein Name ist Nicolev und ich bin seit Juli 2023 Teil von BlueFinn Charters. Ich habe meine Karriere hier als Seemann begonnen, mit dem Ziel, Kapit\u00e4n zu werden. Als ich letztes Jahr meine Kapit\u00e4nspatente bekam, ging f\u00fcr mich ein Traum in Erf\u00fcllung, denn ich wollte schon immer ein Boot segeln.\r\n\r\nMeine maritime Karriere erstreckt sich \u00fcber insgesamt 12 Jahre, mit fr\u00fcheren Positionen bei Cura\u00e7ao Industrial Diving als Bediener und Taucher. Seit meiner Kindheit hege ich eine tiefe Faszination f\u00fcr das Meer. Ich erinnere mich gerne an die Sonntage, die ich mit meinen Br\u00fcdern verbrachte, als ich mit dem Boot nach Fuik fuhr.\r\n\r\nWas BlueFinn wirklich auszeichnet, ist der starke Zusammenhalt innerhalb der Crew. Die t\u00e4gliche Arbeit mit Touristen f\u00fchlt sich kaum wie Arbeit an; Es geht vielmehr darum, gro\u00dfartige Erlebnisse zu teilen."},{"image":["22611"],"name":"Jorge","description":"Hallo! Ich bin Jorge, aber meine Kollegen nennen mich \u201eMr Gravity\u201c. Wundern, warum? Nun, Sie m\u00fcssen an Bord gehen, um herauszufinden, warum! Das teilt man am besten pers\u00f6nlich und mit einem herzlichen Lachen!\r\n\r\nIch lebe f\u00fcr die Momente, in denen ich Ihren Tag zu etwas Au\u00dfergew\u00f6hnlichem machen kann. Bei BlueFinn geht es uns darum, Erlebnisse zu schaffen, die Freude, Lachen und unvergessliche Erinnerungen bringen. Singen, Tanzen und Unterhaltung sind meine St\u00e4rken und mein Ziel ist es, jedem, der an Bord kommt, ein L\u00e4cheln ins Gesicht zu zaubern. \u00dcber BlueFinn hinaus bin ich in meiner Freizeit ein leidenschaftlicher Angler, und als Barkeeper beherrsche ich die Kunst des Mixens, indem ich alle m\u00f6glichen Cocktails mixe, um Ihre Abenteuerlust zu stillen.\r\n\r\nAber warum werde ich \u201eMr Gravity\u201c genannt? Kommen Sie mit dem Katamaran BlueFinn und entdecken Sie es!"}],"sailors":[{"image":["22641"],"name":"Mees","description":"Hallo! Ich bin Mees und meine BlueFinn-Reise begann Anfang 2023, als ich aus den Niederlanden mit einer einzigen Mission vor Augen ankam: auf einem Boot zu arbeiten, das epische Reisen nach Klein Curacao unternimmt. Und als ob die Sterne f\u00fcr mich richtig st\u00fcnden, konnte ich bei BlueFinn Charters anfangen zu arbeiten. Ich hatte von diesem Unternehmen geh\u00f6rt und mich in die unglaubliche Atmosph\u00e4re verliebt. Als ich eine offene Stelle sah, ergriff ich die Gelegenheit und habe seitdem nicht mehr zur\u00fcckgeschaut!\r\n\r\nBlueFinn hat mich vom ersten Tag an fasziniert und ich hoffe, noch lange Teil dieser fantastischen Crew zu sein. Wenn ich nicht auf dem Boot bin, tauche ich direkt in die lokale Kultur ein, indem ich Papiamento lerne und beim Surfunterricht ein paar Wellen fange. Wenn ich nicht auf dem Wasser bin, fahre ich auf vier R\u00e4dern mit dem Skateboard durchs Leben."},{"image":["22741"],"name":"Justin","description":"Hallo, ich bin Justin, 25 Jahre alt und seit Mitte 2022 als Segler Teil der BlueFinn-Crew. Mein Hintergrund liegt im Sport und ich habe Erfahrung als Lehrerin. Der Grund, warum ich bei BlueFinn arbeite, ist einfach: meine Liebe zum Meer und zum Abenteuer. Die Sch\u00f6nheit des Ozeans und die Aufregung jeder Reise haben etwas wirklich Faszinierendes. Innerhalb der Gruppe bin ich als Stimmungsmacher bekannt und liebe einen guten Witz.\r\n\r\nNeben meiner Arbeit sind Tauchen und Fu\u00dfballspielen meine Leidenschaften. Und wenn es Zeit zum Entspannen ist, trifft man mich oft mit ein paar Kollegen an, egal ob wir in die Stadt fahren oder einen entspannten Sonntag in Fuik genie\u00dfen."},{"image":["22791"],"name":"Myshandro","description":"Ich bin Myshandro und f\u00fcr mich ist das nicht nur Arbeit; Es ist eine Lebensweise. Bei BlueFinn sind wir mehr als nur ein Team; Wir sind eine Familie. Jeder Tag ist eine neue Gelegenheit zu lernen, zu wachsen und unsere F\u00e4higkeiten zu perfektionieren. Ich bringe mein Top-Talent mit und stecke all die positive Energie hinein, die ich aufbringen kann, denn das ist es, was n\u00f6tig ist, um die guten Zeiten am Laufen zu halten.\r\n\r\nUnsere Crew, nun ja, wir sind ein Haufen lebenslustiger, verr\u00fcckter Leute. Aber wenn es um Sicherheit oder Hilfe f\u00fcr unsere G\u00e4ste in Not geht, schalten wir auf den 100 % professionellen Modus. Das ist es, was ich an uns liebe. Den Menschen einen Tag zu bereiten, sie zum L\u00e4cheln zu bringen, macht mich gl\u00fccklich \u2013 es ist die Art von Magie, die mir Freude bereitet. Wenn Sie also schlechte Laune haben, kommen Sie mit mir an Bord und wir werden viel lachen!"},{"image":["22891"],"name":"Diego","description":"Ahoi, alle zusammen! Ich bin Diego und mein Leben dreht sich um meine Liebe zum Meer und allem darin. Ich komme urspr\u00fcnglich aus Deutschland, habe aber \u00fcber 8 Jahre auf dem Wasser verbracht und mein Handwerk an Orten wie Aruba und Kolumbien kontinuierlich perfektioniert.\r\n\r\nWenn ich nicht auf See bin, k\u00fcmmere ich mich um Fu\u00dfball, Radfahren und Strandausfl\u00fcge mit der Familie \u2013 die einfachen Freuden des Lebens, die mich auf dem Boden halten. Aber meine wahre Leidenschaft liegt in meiner Arbeit, bei der ich das unglaubliche Privileg habe, unsere G\u00e4ste w\u00e4hrend ihrer Bootsfahrten zu betreuen. Ich bin hier, um ihre Sicherheit zu gew\u00e4hrleisten und daf\u00fcr zu sorgen, dass sie eine unvergessliche Zeit haben."},{"image":["22991"],"name":"Mats","description":"Hallo, ich bin Mats. Seit Mitte 2023 bin ich als Segler Teil der BlueFinn-Crew und bin jeden Tag dankbar f\u00fcr die sch\u00f6ne Umgebung, in der ich arbeite. Der Ausblick auf das weite Meer und unsere wundersch\u00f6ne Insel ist einfach atemberaubend.\r\n\r\nEiner der Aspekte, die ich an meiner Arbeit sch\u00e4tze, ist die Vielfalt und Ver\u00e4nderung, die sie mit sich bringt. Kein Tag ist wie der andere und ich habe das Vergn\u00fcgen, jeden Tag neue Leute kennenzulernen. Dar\u00fcber hinaus schafft die Freundschaft unter den Mitarbeitern eine herzliche und famili\u00e4re Atmosph\u00e4re, in der ich mich stets willkommen und wertgesch\u00e4tzt f\u00fchle. Ich bin BlueFinn beigetreten, weil ich das Meer und seine Menschen sehr liebe. Die Idee, Menschen aus der ganzen Welt zu treffen, hat mich wirklich gereizt."},{"image":["23041"],"name":"Maud","description":"Hallo, ich bin Maud und seit 2021 Teil der BlueFinn-Familie. Ich arbeite bei BlueFinn, weil ich eine tiefe Liebe zum Meer habe und die Gesellschaft von Menschen liebe. Was mir bei der Arbeit am meisten Spa\u00df macht, sind Gespr\u00e4che mit Touristen und die Arbeit mit dem Boot. Jeden Tag gibt es etwas Neues zu lernen.\r\n\r\nDa ich auf Cura\u00e7ao aufgewachsen bin, habe ich eine lebenslange Bindung zum Meer. Auch in meiner Freizeit zieht es mich ans Meer. Ich bin ein begeisterter Wassersportler und man trifft mich oft auf oder im Wasser. Tauchen, Angeln, Wakeboarden, Windsurfen, ich mache alles!\r\n\r\nF\u00fcr mich ist BlueFinn mehr als nur ein Job; Es ist eine M\u00f6glichkeit, meine Liebe zum Meer mit anderen zu teilen und unvergessliche Momente f\u00fcr unsere G\u00e4ste zu schaffen. Ich kann es kaum erwarten, Sie an Bord zu haben und gemeinsam das Meer zu genie\u00dfen!"}],"support":[{"image":["23141"],"name":"Reservierungs- und Betriebsleiter \u2013 Liwenshela","description":"Hallo, ich bin Liwenshela, aber Sie k\u00f6nnen mich Chuku nennen. Ich bin jetzt seit einem Jahr Teil des BlueFinn-Teams und es war eine ziemlich lange Reise. Ich habe ein Gesp\u00fcr daf\u00fcr, L\u00f6sungen zu finden und konkrete Dinge im Blick zu haben.\u201c Ziele, die mich in meiner Rolle motiviert und motiviert halten.\r\n\r\nWenn ich nicht bei der Arbeit bin, genie\u00dfe ich den Nervenkitzel beim Softballspielen. Es gibt etwas an dem Spiel, das mich auf Trab h\u00e4lt und genau das richtige Ma\u00df an Herausforderung mit sich bringt.\r\n\r\nBlueFinn war ein unglaublicher Ort zum Wachsen und Lernen. Die Dynamik unserer Arbeit motiviert mich jeden Tag und begeistert mich. Ich bin hier, um sicherzustellen, dass alles reibungslos l\u00e4uft und Sie ein fantastisches Erlebnis bei uns haben."},{"image":["23821"],"name":"Marketingleiter \u2013 Anouk","description":"Hallo alle! Ich bin Anouk, obwohl die Crew mich liebevoll \u201edas Marketing-M\u00e4dchen\u201c nennt. Ich bin seit Beginn (2017) Teil der BlueFinn Charters-Familie. Meine Rolle hier deckt ein breites Aufgabenspektrum ab, von der Unterst\u00fctzung bei t\u00e4glichen Aufgaben bis hin zur Unterst\u00fctzung bei Management, Verkauf und Reservierungen, aber meine wahre Leidenschaft gilt dem Marketing, wo ich der Welt von den unglaublichen Reisen erz\u00e4hlen kann, die wir anbieten.\r\n\r\nEs ist gro\u00dfartig zu sehen, wie das Unternehmen im Laufe der Jahre gewachsen ist und Gestalt angenommen hat. Es ist nicht nur ein Arbeitsplatz; es ist eine Familie. Ich finde es gro\u00dfartig, wie wir alle zusammengewachsen sind und es wirklich Spa\u00df macht, als geschlossene Einheit zu arbeiten."},{"image":["23291"],"name":"K\u00fcche \u2013 Dayenne","description":"Hallo, ich bin Dayenne. Seit Ende 2021 bin ich seit 1,5 Jahren stolzer Koch bei BlueFinn Charters. Was ich an der Arbeit bei BlueFinn Charters wirklich sch\u00e4tze, ist die warme und einladende Atmosph\u00e4re. Es ist nicht nur ein Job; Es ist ein Ort, an dem Freundschaften und eine gute Atmosph\u00e4re an der Tagesordnung sind. Ich bin ein leidenschaftlicher Koch und liebe es, k\u00f6stliche Gerichte zu kreieren, die unsere G\u00e4ste zufrieden und gl\u00fccklich machen. Kommen Sie also an Bord und probieren Sie das BlueFinn-Buffet. Ich kann es kaum erwarten, die Aromen von BlueFinn mit Ihnen zu teilen!"},{"image":["23341"],"name":"Technischer Dienst \u2013 Shernon","description":"Bondia! Mein Name ist Shernon, die Leute nennen mich \u201eFamia\u201c und ich habe ein echtes Zugeh\u00f6rigkeitsgef\u00fchl zu diesem Unternehmen gefunden. Ich f\u00fchle mich hier wohl und mein Alltag dreht sich um das Wasser \u2013 etwas, das ich absolut liebe. Ich arbeite seit \u00fcber 20 Jahren mit Booten und bin auf Wartung und technische Dienstleistungen spezialisiert.\r\n\r\nMit zwanzig Jahren Erfahrung bin ich stolz darauf, daf\u00fcr zu sorgen, dass unsere Boote in Top-Zustand sind und unseren G\u00e4sten ein reibungsloses und angenehmes Erlebnis bieten. Kommen Sie also an Bord und genie\u00dfen Sie die Fahrt!"},{"image":["23391"],"name":"Personalwesen \u2013 Anna","description":"Hallo! Mein Name ist Anna und ich arbeite als Personalmanagerin bei BlueFinn Charters Cura\u00e7ao. Ich bin seit 2022 Teil dieses gro\u00dfartigen Teams und kann Ihnen sagen, dass es ein einzigartiges Erlebnis ist.\r\n\r\nWas macht diesen Job so besonders, fragen Sie sich vielleicht? Es ist der Nervenkitzel des Unbekannten. Stellen Sie sich Folgendes vor: Jeder Tag f\u00fchlt sich wie ein Abenteuer an, als w\u00fcrden Sie in unbekannte Gew\u00e4sser segeln. Meine Aufgabe besteht darin, daf\u00fcr zu sorgen, dass unsere Crew gl\u00fccklich, motiviert und gut auf jedes maritime Abenteuer vorbereitet ist, das auf uns zukommt. Man k\u00f6nnte sagen, ich bin hier, um daf\u00fcr zu sorgen, dass unser Team bei BlueFinn Charters reibungslos funktioniert."}],"reviews":[]},"_links":{"self":[{"href":"https:\/\/bluefinncharters.oud.ps02.webvriend.nl\/de\/wp-json\/wp\/v2\/pages\/23971","targetHints":{"allow":["GET"]}}],"collection":[{"href":"https:\/\/bluefinncharters.oud.ps02.webvriend.nl\/de\/wp-json\/wp\/v2\/pages"}],"about":[{"href":"https:\/\/bluefinncharters.oud.ps02.webvriend.nl\/de\/wp-json\/wp\/v2\/types\/page"}],"author":[{"embeddable":true,"href":"https:\/\/bluefinncharters.oud.ps02.webvriend.nl\/de\/wp-json\/wp\/v2\/users\/71"}],"replies":[{"embeddable":true,"href":"https:\/\/bluefinncharters.oud.ps02.webvriend.nl\/de\/wp-json\/wp\/v2\/comments?post=23971"}],"version-history":[{"count":3,"href":"https:\/\/bluefinncharters.oud.ps02.webvriend.nl\/de\/wp-json\/wp\/v2\/pages\/23971\/revisions"}],"predecessor-version":[{"id":30054,"href":"https:\/\/bluefinncharters.oud.ps02.webvriend.nl\/de\/wp-json\/wp\/v2\/pages\/23971\/revisions\/30054"}],"wp:featuredmedia":[{"embeddable":true,"href":"https:\/\/bluefinncharters.oud.ps02.webvriend.nl\/de\/wp-json\/wp\/v2\/media\/23901"}],"wp:attachment":[{"href":"https:\/\/bluefinncharters.oud.ps02.webvriend.nl\/de\/wp-json\/wp\/v2\/media?parent=23971"}],"wp:term":[{"taxonomy":"post_tag","embeddable":true,"href":"https:\/\/bluefinncharters.oud.ps02.webvriend.nl\/de\/wp-json\/wp\/v2\/tags?post=23971"}],"curies":[{"name":"wp","href":"https:\/\/api.w.org\/{rel}","templated":true}]}}